{"id":304,"date":"2018-03-20T22:17:08","date_gmt":"2018-03-20T21:17:08","guid":{"rendered":"http:\/\/tcbw-delmenhorst.de\/\/?page_id=304"},"modified":"2025-08-15T17:41:24","modified_gmt":"2025-08-15T15:41:24","slug":"die-anlage","status":"publish","type":"page","link":"https:\/\/tcbw-delmenhorst.de\/index.php\/die-anlage\/","title":{"rendered":"Das bieten wir"},"content":{"rendered":"<div class=\"wpb-content-wrapper\"><p>[vc_row][vc_column width=&#8220;1\/3&#8243;]<div id=\"idinfobox69e05539cfad4\" class=\"dfd-info-box clearfix style-01 layout-04  idinfobox69e05539cfad4\" ><div class=\"dfd-animate-container\"><div class=\"icon-wrapper\"><div class=\"module-icon\" ><div class=\"hover-layer\" ><\/div><i class=\"featured-icon dfd-icon-lamp_1\" style=\"opacity:1;\" ><\/i><\/div><\/div><div class=\"content-wrap ovh\"><div class=\"info-box-title feature-title\" style=\"\">Modernste LED-Beleuchtung<\/div><div class=\"wrap-delimiter\"><div class=\"delimiter\" ><\/div><\/div><div class=\"description\" style=\"\">Unsere drei Indoor-Tennispl\u00e4tze bieten helle und gleichm\u00e4\u00dfige LED-Beleuchtung.<\/div><\/div><\/div><\/div>[\/vc_column][vc_column width=&#8220;1\/3&#8243;]<div id=\"idinfobox69e05539cfb6e\" class=\"dfd-info-box clearfix style-01 layout-04  idinfobox69e05539cfb6e\" ><div class=\"dfd-animate-container\"><div class=\"icon-wrapper\"><div class=\"module-icon\" ><div class=\"hover-layer\" ><\/div><i class=\"featured-icon dfd-icon-move_1\" style=\"opacity:1;\" ><\/i><\/div><\/div><div class=\"content-wrap ovh\"><div class=\"info-box-title feature-title\" style=\"\">Gro\u00dffeld-Tennispl\u00e4tze<\/div><div class=\"wrap-delimiter\"><div class=\"delimiter\" ><\/div><\/div><div class=\"description\" style=\"\">Vor Ort findest du zehn Gro\u00dffeld-Pl\u00e4tze.<\/div><\/div><\/div><\/div>[\/vc_column][vc_column width=&#8220;1\/3&#8243;]<div id=\"idinfobox69e05539cfbe2\" class=\"dfd-info-box clearfix style-01 layout-04  idinfobox69e05539cfbe2\" ><div class=\"dfd-animate-container\"><div class=\"icon-wrapper\"><div class=\"module-icon\" ><div class=\"hover-layer\" ><\/div><i class=\"featured-icon dfd-icon-tennis_ball_2\" style=\"opacity:1;\" ><\/i><\/div><\/div><div class=\"content-wrap ovh\"><div class=\"info-box-title feature-title\" style=\"\">Midcourt und Kleinfeldpl\u00e4tze<\/div><div class=\"wrap-delimiter\"><div class=\"delimiter\" ><\/div><\/div><div class=\"description\" style=\"\">Unser Verein stellt zwei Midcourt und vier Kleinfeldpl\u00e4tze bereit.<\/div><\/div><\/div><\/div>[\/vc_column][\/vc_row][vc_row][vc_column]<div class=\"dfd-spacer-module\"  data-units=\"px\" data-wide_resolution=\"1280\" data-wide_size=\"30\" data-normal_resolution=\"1024\" data-normal_size=\"30\" data-tablet_resolution=\"800\" data-tablet_size=\"30\" data-mobile_resolution=\"480\" data-mobile_size=\"30\" style=\"height: 30px;\"><\/div>[\/vc_column][\/vc_row][vc_row][vc_column width=&#8220;1\/3&#8243;]<div id=\"idinfobox69e05539cfcad\" class=\"dfd-info-box clearfix style-01 layout-04  idinfobox69e05539cfcad\" ><div class=\"dfd-animate-container\"><div class=\"icon-wrapper\"><div class=\"module-icon\" ><div class=\"hover-layer\" ><\/div><i class=\"featured-icon dfd-icon-tennis_ball_2\" style=\"opacity:1;\" ><\/i><\/div><\/div><div class=\"content-wrap ovh\"><div class=\"info-box-title feature-title\" style=\"\">Demn\u00e4chst Paddel-Tennis<\/div><div class=\"wrap-delimiter\"><div class=\"delimiter\" ><\/div><\/div><div class=\"description\" style=\"\">Demn\u00e4chst Paddel-Tennis<\/div><\/div><\/div><\/div>[\/vc_column][vc_column width=&#8220;1\/3&#8243;]<div id=\"idinfobox69e05539cfd2e\" class=\"dfd-info-box clearfix style-01 layout-04  idinfobox69e05539cfd2e\" ><div class=\"dfd-animate-container\"><div class=\"icon-wrapper\"><div class=\"module-icon\" ><div class=\"hover-layer\" ><\/div><i class=\"featured-icon dfd-icon-drink\" style=\"opacity:1;\" ><\/i><\/div><\/div><div class=\"content-wrap ovh\"><div class=\"info-box-title feature-title\" style=\"\">Clubrestaurant<\/div><div class=\"wrap-delimiter\"><div class=\"delimiter\" ><\/div><\/div><div class=\"description\" style=\"\">Entspanne im Sommer auch auf unserer Au\u00dfenterrasse.<\/div><\/div><\/div><\/div>[\/vc_column][vc_column width=&#8220;1\/3&#8243;]<div id=\"idinfobox69e05539cfd9e\" class=\"dfd-info-box clearfix style-01 layout-04  idinfobox69e05539cfd9e\" ><div class=\"dfd-animate-container\"><div class=\"icon-wrapper\"><div class=\"module-icon\" ><div class=\"hover-layer\" ><\/div><i class=\"featured-icon dfd-icon-child\" style=\"opacity:1;\" ><\/i><\/div><\/div><div class=\"content-wrap ovh\"><div class=\"info-box-title feature-title\" style=\"\">Bewegungsschule<\/div><div class=\"wrap-delimiter\"><div class=\"delimiter\" ><\/div><\/div><div class=\"description\" style=\"\">Mit der Bewegungsschule lernen Kinder den Tennissport von klein auf.<\/div><\/div><\/div><\/div>[\/vc_column][\/vc_row][vc_row][vc_column]<div class=\"dfd-spacer-module\"  data-units=\"px\" data-wide_resolution=\"1280\" data-wide_size=\"50\" data-normal_resolution=\"1024\" data-normal_size=\"50\" data-tablet_resolution=\"800\" data-tablet_size=\"50\" data-mobile_resolution=\"480\" data-mobile_size=\"50\" style=\"height: 50px;\"><\/div>[\/vc_column][\/vc_row][vc_row][vc_column][dfd_logo_carousel list_fields=&#8220;%5B%7B%22icon_image_id%22%3A%22706%22%2C%22description%22%3A%22LED-Beleuchtung%22%7D%2C%7B%22icon_image_id%22%3A%22707%22%2C%22description%22%3A%22Drei%20Hallenpl%C3%A4tze%22%7D%2C%7B%22icon_image_id%22%3A%22703%22%2C%22description%22%3A%22Clubrestaurant%22%7D%5D&#8220; main_style=&#8220;style-3&#8243; title_font_options=&#8220;tag:div&#8220; mask_background=&#8220;#24b4ff&#8220;]<div id=\"dfd-image-layers-69e05539cfe1b-7505\" class=\"dfd-image-layers-wrap  layers-center\"><div class=\"dfd-layer-container fadeIn\"><div class=\"dfd-layer-centered\" style=\"-webkit-transform: translate(0%, 0%); -moz-transform: translate(0%, 0%); -o-transform: translate(0%, 0%); transform: translate(0%, 0%); \"><div class=\"dfd-layer-item dfd-img-lazy-load\"><img loading=\"lazy\" decoding=\"async\" src=\"data:image\/svg+xml;charset=utf-8,%3Csvg xmlns%3D'http%3A%2F%2Fwww.w3.org%2F2000%2Fsvg' viewBox%3D'0 0 1620 1080'%2F%3E\" data-src=\"https:\/\/tcbw-delmenhorst.de\/wp-content\/uploads\/2018\/04\/knightvfxdotcom-00003.jpg\" alt=\"Tennistraining\"  width=\"1620\" height=\"1080\" \/><\/div><\/div><\/div><div class=\"dfd-layer-container fadeIn\"><div class=\"dfd-layer-centered\" style=\"-webkit-transform: translate(0%, 0%); -moz-transform: translate(0%, 0%); -o-transform: translate(0%, 0%); transform: translate(0%, 0%); \"><div class=\"dfd-layer-item dfd-img-lazy-load\"><img loading=\"lazy\" decoding=\"async\" src=\"data:image\/svg+xml;charset=utf-8,%3Csvg xmlns%3D'http%3A%2F%2Fwww.w3.org%2F2000%2Fsvg' viewBox%3D'0 0 1620 1080'%2F%3E\" data-src=\"https:\/\/tcbw-delmenhorst.de\/wp-content\/uploads\/2018\/06\/knightvfxdotcom-00002.jpg\" alt=\"Kleinfeldpl\u00e4tze\"  width=\"1620\" height=\"1080\" \/><\/div><\/div><\/div><div class=\"dfd-layer-container fadeIn\"><div class=\"dfd-layer-centered\" style=\"-webkit-transform: translate(0%, 0%); -moz-transform: translate(0%, 0%); -o-transform: translate(0%, 0%); transform: translate(0%, 0%); \"><div class=\"dfd-layer-item dfd-img-lazy-load\"><img loading=\"lazy\" decoding=\"async\" src=\"data:image\/svg+xml;charset=utf-8,%3Csvg xmlns%3D'http%3A%2F%2Fwww.w3.org%2F2000%2Fsvg' viewBox%3D'0 0 1620 1080'%2F%3E\" data-src=\"https:\/\/tcbw-delmenhorst.de\/wp-content\/uploads\/2018\/04\/knightvfxdotcom-00004.jpg\" alt=\"Ball- und Bewegungsschule\"  width=\"1620\" height=\"1080\" \/><\/div><\/div><\/div><div class=\"dfd-layer-container fadeIn\"><div class=\"dfd-layer-centered\" style=\"-webkit-transform: translate(0%, 0%); -moz-transform: translate(0%, 0%); -o-transform: translate(0%, 0%); transform: translate(0%, 0%); \"><div class=\"dfd-layer-item dfd-img-lazy-load\"><img loading=\"lazy\" decoding=\"async\" src=\"data:image\/svg+xml;charset=utf-8,%3Csvg xmlns%3D'http%3A%2F%2Fwww.w3.org%2F2000%2Fsvg' viewBox%3D'0 0 1620 1080'%2F%3E\" data-src=\"https:\/\/tcbw-delmenhorst.de\/wp-content\/uploads\/2018\/04\/knightvfxdotcom-00009.jpg\" alt=\"Tennistraining\"  width=\"1620\" height=\"1080\" \/><\/div><\/div><\/div><div class=\"dfd-layer-container fadeIn\"><div class=\"dfd-layer-centered\" style=\"-webkit-transform: translate(0%, 0%); -moz-transform: translate(0%, 0%); -o-transform: translate(0%, 0%); transform: translate(0%, 0%); \"><div class=\"dfd-layer-item dfd-img-lazy-load\"><img loading=\"lazy\" decoding=\"async\" src=\"data:image\/svg+xml;charset=utf-8,%3Csvg xmlns%3D'http%3A%2F%2Fwww.w3.org%2F2000%2Fsvg' viewBox%3D'0 0 1620 1080'%2F%3E\" data-src=\"https:\/\/tcbw-delmenhorst.de\/wp-content\/uploads\/2018\/06\/knightvfxdotcom-00001.jpg\" alt=\"Clubrestaurant mit Au\u00dfenbereich\"  width=\"1620\" height=\"1080\" \/><\/div><\/div><\/div><div class=\"dfd-layer-container fadeIn\"><div class=\"dfd-layer-centered\" style=\"-webkit-transform: translate(0%, 0%); -moz-transform: translate(0%, 0%); -o-transform: translate(0%, 0%); transform: translate(0%, 0%); \"><div class=\"dfd-layer-item dfd-img-lazy-load\"><img loading=\"lazy\" decoding=\"async\" src=\"data:image\/svg+xml;charset=utf-8,%3Csvg xmlns%3D'http%3A%2F%2Fwww.w3.org%2F2000%2Fsvg' viewBox%3D'0 0 1620 1080'%2F%3E\" data-src=\"https:\/\/tcbw-delmenhorst.de\/wp-content\/uploads\/2018\/04\/knightvfxdotcom-00001-1.jpg\" alt=\"Au\u00dfenbereich\"  width=\"1620\" height=\"1080\" \/><\/div><\/div><\/div><script type=\"text\/javascript\">(function($) {$(\"head\").append(\"<style>#dfd-image-layers-69e05539cfe1b-7505 .dfd-layer-container .dfd-layer-item {-webkit-transition-duration: 0.5s; -moz-transition-duration: 0.5s; -o-transition-duration: 0.5s; transition-duration: 0.5s;}#dfd-image-layers-69e05539cfe1b-7505 .dfd-layer-container:nth-child(1) .dfd-layer-item {-webkit-transition-delay: 0s; -moz-transition-delay: 0s; -o-transition-delay: 0s; transition-delay: 0s;}#dfd-image-layers-69e05539cfe1b-7505 .dfd-layer-container:nth-child(2) .dfd-layer-item {-webkit-transition-delay: 4.5s; -moz-transition-delay: 4.5s; -o-transition-delay: 4.5s; transition-delay: 4.5s;}#dfd-image-layers-69e05539cfe1b-7505 .dfd-layer-container:nth-child(3) .dfd-layer-item {-webkit-transition-delay: 9s; -moz-transition-delay: 9s; -o-transition-delay: 9s; transition-delay: 9s;}#dfd-image-layers-69e05539cfe1b-7505 .dfd-layer-container:nth-child(4) .dfd-layer-item {-webkit-transition-delay: 13.5s; -moz-transition-delay: 13.5s; -o-transition-delay: 13.5s; transition-delay: 13.5s;}#dfd-image-layers-69e05539cfe1b-7505 .dfd-layer-container:nth-child(5) .dfd-layer-item {-webkit-transition-delay: 18s; -moz-transition-delay: 18s; -o-transition-delay: 18s; transition-delay: 18s;}#dfd-image-layers-69e05539cfe1b-7505 .dfd-layer-container:nth-child(6) .dfd-layer-item {-webkit-transition-delay: 22.5s; -moz-transition-delay: 22.5s; -o-transition-delay: 22.5s; transition-delay: 22.5s;}<\/style>\");})(jQuery);<\/script><\/div>[dfd_logo_carousel list_fields=&#8220;%5B%7B%22icon_image_id%22%3A%22812%22%2C%22description%22%3A%22Gro%C3%9Fer%20Au%C3%9Fenbereich%22%7D%2C%7B%22icon_image_id%22%3A%22805%22%2C%22description%22%3A%22In%20der%20Naturidylle%22%7D%2C%7B%22icon_image_id%22%3A%22803%22%2C%22description%22%3A%22Diverse%20Au%C3%9Fenpl%C3%A4tze%22%7D%5D&#8220; main_style=&#8220;style-3&#8243; title_font_options=&#8220;tag:div&#8220; mask_background=&#8220;#24b4ff&#8220;]<div class=\"dfd-spacer-module\"  data-units=\"px\" data-wide_resolution=\"1280\" data-wide_size=\"50\" data-normal_resolution=\"1024\" data-normal_size=\"50\" data-tablet_resolution=\"800\" data-tablet_size=\"50\" data-mobile_resolution=\"480\" data-mobile_size=\"50\" style=\"height: 50px;\"><\/div>[\/vc_column][\/vc_row][vc_row][vc_column width=&#8220;1\/2&#8243;]<div class=\"dfd-heading-shortcode\"><div class=\"dfd-heading-module-wrap  text-left style_01 dfd-heading-69e05539d4958 dfd-disable-resposive-headings\" id=\"dfd-heading-69e05539d4958\" ><div class=\"inline-block\"><div class=\"dfd-heading-module\"><h5 class=\"widget-title dfd-title \" style=\"\">F\u00fcr Kinder und Jugendliche<\/h5><h3 class=\"widget-sub-title dfd-sub-title \" style=\"\">Spa\u00df an der Bewegung und Talente f\u00f6rdern.<\/h3><div class=\"dfd-heading-delimiter dfd-img-lazy-load\"><\/div><\/div><\/div><\/div><script type=\"text\/javascript\">\r\n\t\t\t\t\t\t\t\t\t(function($) {\r\n\t\t\t\t\t\t\t\t\t\t$(\"head\").append(\"<style>.dfd-heading-69e05539d4958.dfd-heading-module-wrap .dfd-heading-module .dfd-heading-delimiter {border-bottom-style:solid;border-bottom-width:1px;width:100px;border-bottom-color:#dddddd;}.dfd-heading-69e05539d4958.dfd-heading-module-wrap .dfd-heading-module .dfd-heading-delimiter {margin-top:10px;margin-bottom:10px;}<\/style>\");\r\n\t\t\t\t\t\t\t\t\t})(jQuery);\r\n\t\t\t\t\t\t\t\t<\/script><\/div>[vc_column_text]Bei den Kindern und Jugendlichen steht ein Aspekt an erster Stelle: <strong>Der Spa\u00df am Tennissport.<\/strong><\/p>\n<p>Unsere erfahrenen, hauptberuflichen Trainer Julian Thomas und Ben Brandes achten stets darauf, dass jedes Kind bedarfsgerecht trainiert und gef\u00f6rdert wird. Ob als spa\u00dfige Abwechslung zur Schule oder in der Talentf\u00f6rderung mit Interesse an Leistungsorientierung \u2013 f\u00fcr jedes Kind findet sich die passende Betreuung beim TC Blau Wei\u00df Delmenhorst. Dabei unterst\u00fctzen Verein und Trainer gerne auch bei der individuellen, leistungsorientierten Nachwuchsf\u00f6rderung und der Teilnahme an Regions-, Landes- oder Deutschen Meisterschaften. Kinder und Jugendliche haben beim TCBW zudem die M\u00f6glichkeit, in den verschiedensten Altersklassen Punktspiele in der Mannschaft zu bestreiten und Erfahrungen zu sammeln.<\/p>\n<p>Aber auch abseits des sportlichen Fokus und der Bewegung, profitieren die Kinder von einer Aktivit\u00e4t in unserem Verein. So sind bei uns schon viele enge Freundschaften entstanden und unsere jungen Mitglieder haben die Chance, sich auch neben den Training mit Freunden zu einem Spiel zu verabreden. Die gro\u00dfz\u00fcgige Anlage mit Kleinfeld-, Midcourt- und Gro\u00dffeldpl\u00e4tzen bietet dem TCBW-Nachwuchs zahlreiche M\u00f6glichkeiten, mit dem Tennissport und der Platzgr\u00f6\u00dfe zu wachsen. Es gibt immer wieder die Chance, Erfahrungen in vereinsinternen Turnieren zu sammeln und sich so im Tennis wie auch pers\u00f6nlich, zu entfalten und weiterzuentwickeln.<\/p>\n<p><strong>Nicht nur reden, einfach ausprobieren! Denn f\u00fcr die ersten 30 Kalendertage ist eine Mitgliedschaft beim TC Blau Wei\u00df Delmenhorst nicht erforderlich.<\/strong> F\u00fcr mehr Informationen nimm gerne <a href=\"https:\/\/tcbw-delmenhorst.de\/index.php\/kontakt\/\">Kontakt zu uns<\/a> auf.[\/vc_column_text]<div class=\"dfd-spacer-module\"  data-units=\"px\" data-wide_resolution=\"1280\" data-wide_size=\"50\" data-normal_resolution=\"1024\" data-normal_size=\"50\" data-tablet_resolution=\"800\" data-tablet_size=\"50\" data-mobile_resolution=\"480\" data-mobile_size=\"50\" style=\"height: 50px;\"><\/div>[\/vc_column][vc_column width=&#8220;1\/2&#8243;]<div class=\"dfd-heading-shortcode\"><div class=\"dfd-heading-module-wrap  text-left style_01 dfd-heading-69e05539d4b29 dfd-disable-resposive-headings\" id=\"dfd-heading-69e05539d4b29\" ><div class=\"inline-block\"><div class=\"dfd-heading-module\"><h5 class=\"widget-title dfd-title \" style=\"\">F\u00fcr Erwachsene<\/h5><h3 class=\"widget-sub-title dfd-sub-title \" style=\"\">Das passende Angebot f\u00fcr jeden Anspruch.<\/h3><div class=\"dfd-heading-delimiter dfd-img-lazy-load\"><\/div><\/div><\/div><\/div><script type=\"text\/javascript\">\r\n\t\t\t\t\t\t\t\t\t(function($) {\r\n\t\t\t\t\t\t\t\t\t\t$(\"head\").append(\"<style>.dfd-heading-69e05539d4b29.dfd-heading-module-wrap .dfd-heading-module .dfd-heading-delimiter {border-bottom-style:solid;border-bottom-width:1px;width:100px;border-bottom-color:#dddddd;}.dfd-heading-69e05539d4b29.dfd-heading-module-wrap .dfd-heading-module .dfd-heading-delimiter {margin-top:10px;margin-bottom:10px;}<\/style>\");\r\n\t\t\t\t\t\t\t\t\t})(jQuery);\r\n\t\t\t\t\t\t\t\t<\/script><\/div>[vc_column_text]Sowohl f\u00fcr das entspannte B\u00e4lle schlagen zum Feierabend als auch leistungsorientiert in unseren Mannschaften in diversen Altersklassen, bieten wir f\u00fcr jeden Anspruch viele M\u00f6glichkeiten im Tennissport. Und auch f\u00fcr diejenigen, die den Tennisschl\u00e4ger noch nie oder l\u00e4nger nicht in der Hand gehabt haben, findet sich in unserem Verein das passende Angebot, ganz besonders bei unseren erfahrenen Trainern.<\/p>\n<p>Was gibt es besseres zum Ende einer anstrengenden Arbeitswoche, als noch ein bisschen Sport zu treiben? Deshalb kommt beim <strong>\u201eTCBW AfterWork-Tennis\u201c f\u00fcr Jedermann<\/strong> immer freitags von 18.00 bis 20.00 Uhr jeder auf seine Kosten und kann ein paar B\u00e4lle schlagen, wenn sonst das passende Gegen\u00fcber vielleicht (noch) fehlt oder einfach sportlich ins Wochenende gestartet werden m\u00f6chte. Wir freuen uns \u00fcber neue Gesichter, die herzlich eingeladen sind, nach dem Sport bei einem Getr\u00e4nk in unserer Vereinsgastronomie noch in fr\u00f6hlicher Runde zusammenzusitzen und so an unserem bunten Vereinsleben teilzuhaben. Das AfterWork- Tennis findet unter der Leitung von Peter Heyna statt. Weitere Informationen gibt es direkt bei ihm telefonisch unter 0171 \u2013 129 23 24 oder per Mail an peter.heyna@t-online.de.<\/p>\n<p><strong>Gerne k\u00f6nnt ihr unser Angebot kostenfrei testen, denn f\u00fcr 30 Kalendertage ist eine Mitgliedschaft beim TC Blau Wei\u00df Delmenhorst nicht n\u00f6tig<\/strong>. Danach ist f\u00fcr die weitere Teilnahme eine Vereinsmitgliedschaft erforderlich. Mehr Informationen zu unseren Mitgliedschaften findet ihr unter<a href=\"https:\/\/tcbw-delmenhorst.de\/index.php\/mitglied-werden\/\"> Mitglied werden<\/a>.[\/vc_column_text]<div class=\"dfd-spacer-module\"  data-units=\"px\" data-wide_resolution=\"1280\" data-wide_size=\"50\" data-normal_resolution=\"1024\" data-normal_size=\"50\" data-tablet_resolution=\"800\" data-tablet_size=\"50\" data-mobile_resolution=\"480\" data-mobile_size=\"50\" style=\"height: 50px;\"><\/div>[\/vc_column][\/vc_row][vc_row][vc_column width=&#8220;1\/2&#8243;]<div class=\"dfd-heading-shortcode\"><div class=\"dfd-heading-module-wrap  text-left style_01 dfd-heading-69e05539d4beb dfd-disable-resposive-headings\" id=\"dfd-heading-69e05539d4beb\" ><div class=\"inline-block\"><div class=\"dfd-heading-module\"><h5 class=\"widget-title dfd-title \" style=\"\">Die Bewegungsschule<\/h5><div class=\"dfd-heading-delimiter dfd-img-lazy-load\"><\/div><\/div><\/div><\/div><script type=\"text\/javascript\">\r\n\t\t\t\t\t\t\t\t\t(function($) {\r\n\t\t\t\t\t\t\t\t\t\t$(\"head\").append(\"<style>.dfd-heading-69e05539d4beb.dfd-heading-module-wrap .dfd-heading-module .dfd-heading-delimiter {border-bottom-style:solid;border-bottom-width:1px;width:100px;border-bottom-color:#dddddd;}.dfd-heading-69e05539d4beb.dfd-heading-module-wrap .dfd-heading-module .dfd-heading-delimiter {margin-top:10px;margin-bottom:10px;}<\/style>\");\r\n\t\t\t\t\t\t\t\t\t})(jQuery);\r\n\t\t\t\t\t\t\t\t<\/script><\/div>[vc_column_text]Die Ball- und Bewegungsschule ist ein Projekt, das Kinder bereits in der Kita ab vier Jahren und fortf\u00fchrend in der Grundschule und den Vereinen mit Bewegungsformen und Ballkontakten vertraut macht.<\/p>\n<p><strong>Ziele<\/strong><\/p>\n<p>Die Ball- und Bewegungsschule m\u00f6chte die zweifellos immer noch vorhandene Faszination des Ballspiels den Kindern zu einem Zeitpunkt n\u00e4herbringen, in dem sich Kinder noch zu aktiven und bewegungsfreudigen Personen entwickeln lassen, die ihre Freizeit unter anderem auf den Tennispl\u00e4tzen der Vereine verbringen.<\/p>\n<p>Das erste Etappenziel der Ball- und Bewegungsschule: Kinder in Situationen zu bringen, in denen sie eigene M\u00f6glichkeiten erkennen, erlernen und umsetzen. Pr\u00e4zise ausgedr\u00fcckt: Die Ball- und Bewegungsschule ist ein Programm in der Traineraus- und Fortbildung, das es Trainern und Talentscouts erm\u00f6glichen soll, ein Ball- und Bewegungsschulprogramm f\u00fcr Kinder ab vier Jahren als Vorbereitung auf ein Tennistraining oder als Grundlage und Erg\u00e4nzung zu einem Tennistraining in Kinderg\u00e4rten, Schulen und Vereinen zu vermitteln.<\/p>\n<p>Beim TCBW wird dieses durch Herrn Peter Heyna DTB-C-Lizenzinhaber durchgef\u00fchrt.<\/p>\n<p>Anmeldungen m\u00f6glich unter: 0171 1292324[\/vc_column_text]<div class=\"dfd-spacer-module\"  data-units=\"px\" data-wide_resolution=\"1280\" data-wide_size=\"50\" data-normal_resolution=\"1024\" data-normal_size=\"50\" data-tablet_resolution=\"800\" data-tablet_size=\"50\" data-mobile_resolution=\"480\" data-mobile_size=\"50\" style=\"height: 50px;\"><\/div>[\/vc_column][vc_column width=&#8220;1\/2&#8243;]<div class=\"dfd-heading-shortcode\"><div class=\"dfd-heading-module-wrap  text-left style_01 dfd-heading-69e05539d4c8b dfd-disable-resposive-headings\" id=\"dfd-heading-69e05539d4c8b\" ><div class=\"inline-block\"><div class=\"dfd-heading-module\"><h5 class=\"widget-title dfd-title \" style=\"\">Schon gewusst?<\/h5><div class=\"dfd-heading-delimiter dfd-img-lazy-load\"><\/div><\/div><\/div><\/div><script type=\"text\/javascript\">\r\n\t\t\t\t\t\t\t\t\t(function($) {\r\n\t\t\t\t\t\t\t\t\t\t$(\"head\").append(\"<style>.dfd-heading-69e05539d4c8b.dfd-heading-module-wrap .dfd-heading-module .dfd-heading-delimiter {border-bottom-style:solid;border-bottom-width:1px;width:100px;border-bottom-color:#dddddd;}.dfd-heading-69e05539d4c8b.dfd-heading-module-wrap .dfd-heading-module .dfd-heading-delimiter {margin-top:10px;margin-bottom:10px;}<\/style>\");\r\n\t\t\t\t\t\t\t\t\t})(jQuery);\r\n\t\t\t\t\t\t\t\t<\/script><\/div>[vc_column_text]Die Pflege eines Tennisplatzes muss immer gem\u00e4\u00df der gleichen Vorgehensweise erfolgen, um den Untergrund nicht zu besch\u00e4digen. Dementsprechend haben wir uns im Verein auf die folgende, allgemeing\u00fcltige &#8222;Reinigungsrichtung&#8220; geeinigt:[\/vc_column_text]<div class=\"dfd-spacer-module\"  data-units=\"px\" data-wide_resolution=\"1280\" data-wide_size=\"50\" data-normal_resolution=\"1024\" data-normal_size=\"50\" data-tablet_resolution=\"800\" data-tablet_size=\"50\" data-mobile_resolution=\"480\" data-mobile_size=\"50\" style=\"height: 50px;\"><\/div><div id=\"dfd-single-image-module69e05539d5941-6078\" class=\"dfd-single-image-module  image-left  dfd-img-lazy-load\" ><img loading=\"lazy\" decoding=\"async\" src=\"data:image\/svg+xml;charset=utf-8,%3Csvg xmlns%3D'http%3A%2F%2Fwww.w3.org%2F2000%2Fsvg' viewBox%3D'0 0 365 213'%2F%3E\" data-src=\"https:\/\/tcbw-delmenhorst.de\/wp-content\/uploads\/2018\/03\/Platzpflege.jpg\" width=\"365\" height=\"213\"  alt=\"Die Bewegungsrichtung f\u00fcr die Platzpflege\" \/><\/div>[\/vc_column][\/vc_row]<\/p>\n<\/div>","protected":false},"excerpt":{"rendered":"<p>[vc_row][vc_column width=&#8220;1\/3&#8243;][\/vc_column][vc_column width=&#8220;1\/3&#8243;][\/vc_column][vc_column width=&#8220;1\/3&#8243;][\/vc_column][\/vc_row][vc_row][vc_column][\/vc_column][\/vc_row][vc_row][vc_column width=&#8220;1\/3&#8243;][\/vc_column][vc_column width=&#8220;1\/3&#8243;][\/vc_column][vc_column width=&#8220;1\/3&#8243;][\/vc_column][\/vc_row][vc_row][vc_column][\/vc_column][\/vc_row][vc_row][vc_column][dfd_logo_carousel list_fields=&#8220;%5B%7B%22icon_image_id%22%3A%22706%22%2C%22description%22%3A%22LED-Beleuchtung%22%7D%2C%7B%22icon_image_id%22%3A%22707%22%2C%22description%22%3A%22Drei%20Hallenpl%C3%A4tze%22%7D%2C%7B%22icon_image_id%22%3A%22703%22%2C%22description%22%3A%22Clubrestaurant%22%7D%5D&#8220; main_style=&#8220;style-3&#8243; title_font_options=&#8220;tag:div&#8220; mask_background=&#8220;#24b4ff&#8220;][dfd_logo_carousel list_fields=&#8220;%5B%7B%22icon_image_id%22%3A%22812%22%2C%22description%22%3A%22Gro%C3%9Fer%20Au%C3%9Fenbereich%22%7D%2C%7B%22icon_image_id%22%3A%22805%22%2C%22description%22%3A%22In%20der%20Naturidylle%22%7D%2C%7B%22icon_image_id%22%3A%22803%22%2C%22description%22%3A%22Diverse%20Au%C3%9Fenpl%C3%A4tze%22%7D%5D&#8220; main_style=&#8220;style-3&#8243; title_font_options=&#8220;tag:div&#8220; mask_background=&#8220;#24b4ff&#8220;][\/vc_column][\/vc_row][vc_row][vc_column width=&#8220;1\/2&#8243;][vc_column_text]Bei den Kindern und Jugendlichen steht ein Aspekt an erster Stelle: Der Spa\u00df am Tennissport.<\/p>\n","protected":false},"author":1,"featured_media":0,"parent":0,"menu_order":0,"comment_status":"closed","ping_status":"closed","template":"","meta":{"_acf_changed":false,"footnotes":""},"class_list":["post-304","page","type-page","status-publish","hentry"],"acf":[],"_links":{"self":[{"href":"https:\/\/tcbw-delmenhorst.de\/index.php\/wp-json\/wp\/v2\/pages\/304","targetHints":{"allow":["GET"]}}],"collection":[{"href":"https:\/\/tcbw-delmenhorst.de\/index.php\/wp-json\/wp\/v2\/pages"}],"about":[{"href":"https:\/\/tcbw-delmenhorst.de\/index.php\/wp-json\/wp\/v2\/types\/page"}],"author":[{"embeddable":true,"href":"https:\/\/tcbw-delmenhorst.de\/index.php\/wp-json\/wp\/v2\/users\/1"}],"replies":[{"embeddable":true,"href":"https:\/\/tcbw-delmenhorst.de\/index.php\/wp-json\/wp\/v2\/comments?post=304"}],"version-history":[{"count":71,"href":"https:\/\/tcbw-delmenhorst.de\/index.php\/wp-json\/wp\/v2\/pages\/304\/revisions"}],"predecessor-version":[{"id":4181,"href":"https:\/\/tcbw-delmenhorst.de\/index.php\/wp-json\/wp\/v2\/pages\/304\/revisions\/4181"}],"wp:attachment":[{"href":"https:\/\/tcbw-delmenhorst.de\/index.php\/wp-json\/wp\/v2\/media?parent=304"}],"curies":[{"name":"wp","href":"https:\/\/api.w.org\/{rel}","templated":true}]}}