{"id":306,"date":"2018-03-20T22:17:34","date_gmt":"2018-03-20T21:17:34","guid":{"rendered":"http:\/\/tcbw-delmenhorst.de\/\/?page_id=306"},"modified":"2021-03-29T11:24:09","modified_gmt":"2021-03-29T09:24:09","slug":"presse-und-chronik","status":"publish","type":"page","link":"https:\/\/tcbw-delmenhorst.de\/index.php\/presse-und-chronik\/","title":{"rendered":"Chronik"},"content":{"rendered":"<div class=\"wpb-content-wrapper\"><p>[vc_row][vc_column]<div class=\"dfd-heading-shortcode\"><div class=\"dfd-heading-module-wrap  text-left style_01 dfd-heading-69e0f76e05930 dfd-disable-resposive-headings\" id=\"dfd-heading-69e0f76e05930\" ><div class=\"inline-block\"><div class=\"dfd-heading-module\"><h5 class=\"widget-title dfd-title \" style=\"\">Die Vereinschronik<\/h5><h3 class=\"widget-sub-title dfd-sub-title \" style=\"\">zum Download als PDF-Datei<\/h3><div class=\"dfd-heading-delimiter dfd-img-lazy-load\"><\/div><\/div><\/div><\/div><script type=\"text\/javascript\">\r\n\t\t\t\t\t\t\t\t\t(function($) {\r\n\t\t\t\t\t\t\t\t\t\t$(\"head\").append(\"<style>.dfd-heading-69e0f76e05930.dfd-heading-module-wrap .dfd-heading-module .dfd-heading-delimiter {border-bottom-style:solid;border-bottom-width:1px;width:100px;border-bottom-color:#dddddd;}.dfd-heading-69e0f76e05930.dfd-heading-module-wrap .dfd-heading-module .dfd-heading-delimiter {margin-top:10px;margin-bottom:10px;}<\/style>\");\r\n\t\t\t\t\t\t\t\t\t})(jQuery);\r\n\t\t\t\t\t\t\t\t<\/script><\/div>[vc_column_text]\u00dcber 100 Jahre Vereinsgeschichte &#8211; zusammengefasst auf 132 Seiten und dokumentiert mit vielen Originalfotos.<\/p>\n<p>Die Chronik ab 2016 ist in Bearbeitung und wird demn\u00e4chst hier ver\u00f6ffentlicht!<\/p>\n<p>Das Dokument k\u00f6nnt ihr euch hier kostenfrei herunterladen:[\/vc_column_text]<div class=\"dfd-spacer-module\"  data-units=\"px\" data-wide_resolution=\"0\" data-wide_size=\"30\" data-normal_resolution=\"0\" data-normal_size=\"\" data-tablet_resolution=\"0\" data-tablet_size=\"\" data-mobile_resolution=\"0\" data-mobile_size=\"\" style=\"height: 30px;\"><\/div><div id=\"dfd-single-image-module69e0f76e08f5a-9507\" class=\"dfd-single-image-module dotted-border image-left dfd-image-fade-out dfd-img-lazy-load\" ><a href=\"\/\/tcbw-delmenhorst.de\/\/wp-content\/uploads\/2018\/03\/Blau-Weiss-Delmenhorst-Geschichte_komprimiert.pdf\" title=\"Image source\"><img loading=\"lazy\" decoding=\"async\" src=\"data:image\/svg+xml;charset=utf-8,%3Csvg xmlns%3D'http%3A%2F%2Fwww.w3.org%2F2000%2Fsvg' viewBox%3D'0 0 150 178'%2F%3E\" data-src=\"https:\/\/tcbw-delmenhorst.de\/wp-content\/uploads\/2018\/03\/chronik_cover.jpg\" width=\"150\" height=\"178\"  alt=\"TCBW-Chronik\" \/><\/a><\/div>[\/vc_column][\/vc_row]<\/p>\n<\/div>","protected":false},"excerpt":{"rendered":"<p>[vc_row][vc_column][vc_column_text]\u00dcber 100 Jahre Vereinsgeschichte &#8211; zusammengefasst auf 132 Seiten und dokumentiert mit vielen Originalfotos. Die Chronik ab 2016 ist in Bearbeitung und wird demn\u00e4chst hier ver\u00f6ffentlicht! Das Dokument k\u00f6nnt ihr<\/p>\n","protected":false},"author":1,"featured_media":0,"parent":0,"menu_order":0,"comment_status":"closed","ping_status":"closed","template":"","meta":{"_acf_changed":false,"footnotes":""},"class_list":["post-306","page","type-page","status-publish","hentry"],"acf":[],"_links":{"self":[{"href":"https:\/\/tcbw-delmenhorst.de\/index.php\/wp-json\/wp\/v2\/pages\/306","targetHints":{"allow":["GET"]}}],"collection":[{"href":"https:\/\/tcbw-delmenhorst.de\/index.php\/wp-json\/wp\/v2\/pages"}],"about":[{"href":"https:\/\/tcbw-delmenhorst.de\/index.php\/wp-json\/wp\/v2\/types\/page"}],"author":[{"embeddable":true,"href":"https:\/\/tcbw-delmenhorst.de\/index.php\/wp-json\/wp\/v2\/users\/1"}],"replies":[{"embeddable":true,"href":"https:\/\/tcbw-delmenhorst.de\/index.php\/wp-json\/wp\/v2\/comments?post=306"}],"version-history":[{"count":34,"href":"https:\/\/tcbw-delmenhorst.de\/index.php\/wp-json\/wp\/v2\/pages\/306\/revisions"}],"predecessor-version":[{"id":2186,"href":"https:\/\/tcbw-delmenhorst.de\/index.php\/wp-json\/wp\/v2\/pages\/306\/revisions\/2186"}],"wp:attachment":[{"href":"https:\/\/tcbw-delmenhorst.de\/index.php\/wp-json\/wp\/v2\/media?parent=306"}],"curies":[{"name":"wp","href":"https:\/\/api.w.org\/{rel}","templated":true}]}}