{"id":312,"date":"2018-03-20T22:17:31","date_gmt":"2018-03-20T21:17:31","guid":{"rendered":"http:\/\/tcbw-delmenhorst.de\/\/?page_id=312"},"modified":"2021-05-20T09:01:32","modified_gmt":"2021-05-20T07:01:32","slug":"mitglied-werden","status":"publish","type":"page","link":"https:\/\/tcbw-delmenhorst.de\/index.php\/mitglied-werden\/","title":{"rendered":"Mitglied werden"},"content":{"rendered":"<div class=\"wpb-content-wrapper\"><p>[vc_row][vc_column][vc_column_text]Mitglied im TCBW zu sein &#8211; das hei\u00dft nicht nur, dass man eine Freizeitbesch\u00e4ftigung hat. Man hat quasi eine zweite Familie! Und auch f\u00fcr den Fall, dass du den Verein ohne eine aktive Teilnahme am Tennissport unterst\u00fctzen m\u00f6chtest, haben wir die passende Mitgliedschaft f\u00fcr dich.[\/vc_column_text]<div class=\"dfd-spacer-module\"  data-units=\"px\" data-wide_resolution=\"1280\" data-wide_size=\"50\" data-normal_resolution=\"1024\" data-normal_size=\"50\" data-tablet_resolution=\"800\" data-tablet_size=\"50\" data-mobile_resolution=\"480\" data-mobile_size=\"50\" style=\"height: 50px;\"><\/div><div id=\"dfd-icon-list-69e03f9266111-9117\" class=\"dfd-icon-list-wrap  style-1  \" ><ul class=\"dfd-icon-list\"><li class=\"\"><div class=\"dfd-list-content clearfix \" style=\"\"><div class=\"dfd-list-icon-block text-center\" style=\"\"><i class = \"dfd-icon-right_2\"><\/i><\/div><div class=\"dfd-list-content-block content\">Derzeit bieten wir in den meisten Tarifen ein &#8222;Schnupperjahr&#8220; an, bei dem der Mitgliedsbeitrag im ersten Jahr halbiert wird.<\/div><\/div><\/li><li class=\"\"><div class=\"dfd-list-content clearfix \" style=\"\"><div class=\"dfd-list-icon-block text-center\" style=\"\"><i class = \"dfd-icon-right_2\"><\/i><\/div><div class=\"dfd-list-content-block content\">Die Tarife sind jeweils drei Monate vor Jahresende k\u00fcndbar.<\/div><\/div><\/li><\/ul><\/div><script type=\"text\/javascript\">(function($) {$(\"head\").append(\"<style>#dfd-icon-list-69e03f9266111-9117 .dfd-icon-list .content {style=&quot;&quot;}<\/style>\");})(jQuery);<\/script><div class=\"dfd-spacer-module\"  data-units=\"px\" data-wide_resolution=\"1280\" data-wide_size=\"50\" data-normal_resolution=\"1024\" data-normal_size=\"50\" data-tablet_resolution=\"800\" data-tablet_size=\"50\" data-mobile_resolution=\"480\" data-mobile_size=\"50\" style=\"height: 50px;\"><\/div>[vc_column_text]<\/p>\n<p>Alle Bedingungen sind zusammen mit genaueren Informationen in der Beitragsordnung vermerkt. Ebenfalls in der Beitragsordnung enthalten sind spezielle Tarife f\u00fcr den &#8222;Freizeitfu\u00dfball&#8220;-Bereich.[\/vc_column_text]<div class=\"dfd-spacer-module\"  data-units=\"px\" data-wide_resolution=\"1280\" data-wide_size=\"50\" data-normal_resolution=\"1024\" data-normal_size=\"50\" data-tablet_resolution=\"800\" data-tablet_size=\"50\" data-mobile_resolution=\"480\" data-mobile_size=\"50\" style=\"height: 50px;\"><\/div><div id=\"dfd-button-69e03f926637c\" class=\"dfd-button-module-wrap dfd-button-69e03f926637c\"><div class=\"dfd-button-module  style_2 text-center dfd-horizontal dfd-top-to-bottom dfd-button-icon-left dfd-button-icon-hover-simple\" ><a href=\"http:\/\/tcbw-delmenhorst.de\/\/wp-content\/uploads\/2018\/04\/beitragsordnung112017.pdf\" target=\"_blank\" class=\"dfd-button-link\"><span class=\"dfd-button-inner-cover\"><span class=\"dfd-button-text-main\"><i class=\"dfd-icon-download_2\"><\/i>Beitragsordnung herunterladen<\/span><\/span><\/a><\/div><script type=\"text\/javascript\">\r\n\t\t\t\t\t\t\t\t\t(function($) {$(\"head\").append(\"<style>#dfd-button-69e03f926637c.dfd-button-module-wrap .dfd-button-module .dfd-button-link .dfd-button-inner-cover .dfd-button-text-main,.dfd-button-69e03f926637c.dfd-button-module-wrap .dfd-button-module .dfd-button-link .dfd-button-inner-cover .dfd-button-text-main {color: #ffffff}#dfd-button-69e03f926637c.dfd-button-module-wrap .dfd-button-module .dfd-button-link .dfd-button-inner-cover,.dfd-button-69e03f926637c.dfd-button-module-wrap .dfd-button-module .dfd-button-link .dfd-button-border-decoration,.dfd-button-69e03f926637c.dfd-button-module-wrap .dfd-button-module .dfd-button-link .dfd-button-inner-cover {border-radius:2px;}#dfd-button-69e03f926637c.dfd-button-module-wrap .dfd-button-module:not(.style_4) .dfd-button-link .dfd-button-inner-cover:before,#dfd-button-69e03f926637c.dfd-button-module-wrap .dfd-button-module.style_4 .dfd-button-link .dfd-button-inner-cover:after,#dfd-button-69e03f926637c.dfd-button-module-wrap .dfd-button-module.style_6 .dfd-button-link .dfd-button-inner-cover .dfd-button-text-main,.dfd-button-69e03f926637c.dfd-button-module-wrap .dfd-button-module:not(.style_4) .dfd-button-link .dfd-button-inner-cover:before,.dfd-button-69e03f926637c.dfd-button-module-wrap .dfd-button-module.style_4 .dfd-button-link .dfd-button-inner-cover:after,.dfd-button-69e03f926637c.dfd-button-module-wrap .dfd-button-module.style_6 .dfd-button-link .dfd-button-inner-cover .dfd-button-text-main {background: #000000;border-style:solid;border-width:1px;border-radius:2px;border-color:#e5e5e5;}#dfd-button-69e03f926637c.dfd-button-module-wrap .dfd-button-module:not(.style_6) .dfd-button-link:hover .dfd-button-inner-cover .dfd-button-text-main,#dfd-button-69e03f926637c.dfd-button-module-wrap .dfd-button-module .dfd-button-link .dfd-button-inner-cover .dfd-button-text-hover,.dfd-button-69e03f926637c.dfd-button-module-wrap .dfd-button-module:not(.style_6) .dfd-button-link:hover .dfd-button-inner-cover .dfd-button-text-main,.dfd-button-69e03f926637c.dfd-button-module-wrap .dfd-button-module .dfd-button-link .dfd-button-inner-cover .dfd-button-text-hover {color: #3a3a3a;}#dfd-button-69e03f926637c.dfd-button-module-wrap .dfd-button-module .dfd-button-link:hover .dfd-button-inner-cover,.dfd-button-69e03f926637c.dfd-button-module-wrap .dfd-button-module .dfd-button-link:hover .dfd-button-border-decoration,.dfd-button-69e03f926637c.dfd-button-module-wrap .dfd-button-module .dfd-button-link:hover .dfd-button-inner-cover {border-radius:2px;}#dfd-button-69e03f926637c.dfd-button-module-wrap .dfd-button-module:not(.style_4) .dfd-button-link .dfd-button-inner-cover:after,#dfd-button-69e03f926637c.dfd-button-module-wrap .dfd-button-module.style_4 .dfd-button-link .dfd-button-inner-cover:before,#dfd-button-69e03f926637c.dfd-button-module-wrap .dfd-button-module .dfd-button-link .dfd-button-inner-cover .dfd-button-text-hover .dfd-button-69e03f926637c.dfd-button-module-wrap .dfd-button-module:not(.style_4) .dfd-button-link .dfd-button-inner-cover:after,.dfd-button-69e03f926637c.dfd-button-module-wrap .dfd-button-module.style_4 .dfd-button-link .dfd-button-inner-cover:before,.dfd-button-69e03f926637c.dfd-button-module-wrap .dfd-button-module .dfd-button-link .dfd-button-inner-cover .dfd-button-text-hover {background: #24b4ff;border-style:solid;border-width:1px;border-radius:2px;border-color:rgba(255,255,255,0.01);}#dfd-button-69e03f926637c.dfd-button-module-wrap .dfd-button-module.style_3 .dfd-button-link:hover .dfd-button-inner-cover:before,#dfd-button-69e03f926637c.dfd-button-module-wrap .dfd-button-module.style_4 .dfd-button-link:hover .dfd-button-inner-cover:before,.dfd-button-69e03f926637c.dfd-button-module-wrap .dfd-button-module.style_3 .dfd-button-link:hover .dfd-button-inner-cover:before,.dfd-button-69e03f926637c.dfd-button-module-wrap .dfd-button-module.style_4 .dfd-button-link:hover .dfd-button-inner-cover:before {border-style:solid;border-width:1px;border-radius:2px;border-color:rgba(255,255,255,0.01);}<\/style>\")\r\n\t\t\t\t\t\t\t\t\t})(jQuery);\r\n\t\t\t\t\t\t\t\t<\/script><\/div><div class=\"dfd-spacer-module\"  data-units=\"px\" data-wide_resolution=\"1280\" data-wide_size=\"50\" data-normal_resolution=\"1024\" data-normal_size=\"50\" data-tablet_resolution=\"800\" data-tablet_size=\"50\" data-mobile_resolution=\"480\" data-mobile_size=\"50\" style=\"height: 50px;\"><\/div>[\/vc_column][\/vc_row][vc_row force_equal_height_columns=&#8220;main_row&#8220; align_content_vertically=&#8220;&#8220;][vc_column width=&#8220;1\/3&#8243;]<div id=\"dfd-pricing-block-69e03f9266527-2324\" class=\"dfd-pricing-block style-01  no-description \" solid ><div class=\"block-head  \" ><div class=\"icon-wrap\"><i class=\"featured-icon dfd-icon-child\" style=\"color:#24b4ff; opacity:1;\" ><\/i><\/div><div class=\"feature-title\" style=\"\">Einzelmitgliedschaft (mit Kindern)<\/div><div class=\"subtitle\" style=\"\">Das alles gibt's schon f\u00fcr...<\/div><div class=\"price-wrap\"><span class=\"currency-symbol\" style=\"color:#0a0202\">\u20ac<\/span><span class=\"payment-amount\" style=\"color:#0a0202\">260<\/span><span class=\"time-interval\" style=\"color:#0a0202\"> \/ Jahr<\/span><\/div><\/div><div class=\"block-desc\" ><ul class=\"options-list\"><li class=\"option\"><span class=\"option-icon \"><i class=\"fa fa-adjust\"><\/i><\/span><div class=\"pricing-feature-description\" style=\"\">Im ersten Jahr 50% Rabatt<\/div><\/li><li class=\"option\"><span class=\"option-icon \"><i class=\"fa fa-adjust\"><\/i><\/span><div class=\"pricing-feature-description\" style=\"\">K\u00fcndigungsfrist: Drei Monate zum Jahresende<\/div><\/li><li class=\"option\"><span class=\"option-icon \"><i class=\"fa fa-adjust\"><\/i><\/span><div class=\"pricing-feature-description\" style=\"\">Kinder ohne Zusatzkosten inkl.<\/div><\/li><\/ul><a class=\"pricing-button button\" href=\"http:\/\/tcbw-delmenhorst.de\/\/wp-content\/uploads\/2018\/03\/Formular_Aufnahmeantrag.pdf\" title=\"Jetzt Mitgliedsantrag herunterladen\" target=\"_blank\">Mitgliedsantrag herunterladen<\/a><\/div><\/div><script type=\"text\/javascript\">\r\n\t\t\t\t\t(function($) {\r\n\t\t\t\t\t\t$(\"head\").append(\"<style>#dfd-pricing-block-69e03f9266527-2324.dfd-pricing-block {border-style: solid; border-width: 1px; border-color: #0c0c0c;}#dfd-pricing-block-69e03f9266527-2324 .pricing-button.button {border-style: none;}<\/style>\");\r\n\t\t\t\t\t})(jQuery);\r\n\t\t\t\t<\/script><div class=\"dfd-spacer-module\"  data-units=\"px\" data-wide_resolution=\"1280\" data-wide_size=\"50\" data-normal_resolution=\"1024\" data-normal_size=\"50\" data-tablet_resolution=\"800\" data-tablet_size=\"50\" data-mobile_resolution=\"480\" data-mobile_size=\"50\" style=\"height: 50px;\"><\/div>[\/vc_column][vc_column width=&#8220;1\/3&#8243;]<div id=\"dfd-pricing-block-69e03f9266655-529\" class=\"dfd-pricing-block style-01  no-description \" solid ><div class=\"block-head  \" ><div class=\"icon-wrap\"><i class=\"featured-icon dfd-icon-love_woman\" style=\"color:#24b4ff; opacity:1;\" ><\/i><\/div><div class=\"feature-title\" style=\"\">Einzelmitgliedschaft (Erwachsene)<\/div><div class=\"subtitle\" style=\"\">Das alles gibt's schon f\u00fcr...<\/div><div class=\"price-wrap\"><span class=\"currency-symbol\" style=\"color:#0a0202\">\u20ac<\/span><span class=\"payment-amount\" style=\"color:#0a0202\">210<\/span><span class=\"time-interval\" style=\"color:#0a0202\"> \/ Jahr<\/span><\/div><\/div><div class=\"block-desc\" ><ul class=\"options-list\"><li class=\"option\"><span class=\"option-icon \"><i class=\"fa fa-adjust\"><\/i><\/span><div class=\"pricing-feature-description\" style=\"\">Im ersten Jahr 50% Rabatt<\/div><\/li><li class=\"option\"><span class=\"option-icon \"><i class=\"fa fa-adjust\"><\/i><\/span><div class=\"pricing-feature-description\" style=\"\">K\u00fcndigungsfrist: Drei Monate zum Jahresende<\/div><\/li><\/ul><a class=\"pricing-button button\" href=\"http:\/\/tcbw-delmenhorst.de\/\/wp-content\/uploads\/2018\/03\/Formular_Aufnahmeantrag.pdf\" title=\"Jetzt Mitgliedsantrag herunterladen\" target=\"_blank\">Mitgliedsantrag herunterladen<\/a><\/div><\/div><script type=\"text\/javascript\">\r\n\t\t\t\t\t(function($) {\r\n\t\t\t\t\t\t$(\"head\").append(\"<style>#dfd-pricing-block-69e03f9266655-529.dfd-pricing-block {border-style: solid; border-width: 1px; border-color: #0c0c0c;}#dfd-pricing-block-69e03f9266655-529 .pricing-button.button {border-style: none;}<\/style>\");\r\n\t\t\t\t\t})(jQuery);\r\n\t\t\t\t<\/script><div class=\"dfd-spacer-module\"  data-units=\"px\" data-wide_resolution=\"1280\" data-wide_size=\"50\" data-normal_resolution=\"1024\" data-normal_size=\"50\" data-tablet_resolution=\"800\" data-tablet_size=\"50\" data-mobile_resolution=\"480\" data-mobile_size=\"50\" style=\"height: 50px;\"><\/div>[\/vc_column][vc_column width=&#8220;1\/3&#8243;]<div id=\"dfd-pricing-block-69e03f9266738-1388\" class=\"dfd-pricing-block style-01  no-description \" solid ><div class=\"block-head  \" ><div class=\"icon-wrap\"><i class=\"featured-icon dfd-icon-inlove_couple\" style=\"color:#24b4ff; opacity:1;\" ><\/i><\/div><div class=\"feature-title\" style=\"\">Ehepaare ohne Kinder<\/div><div class=\"subtitle\" style=\"\">Das alles gibt's schon f\u00fcr...<\/div><div class=\"price-wrap\"><span class=\"currency-symbol\" style=\"color:#0a0202\">\u20ac<\/span><span class=\"payment-amount\" style=\"color:#0a0202\">310<\/span><span class=\"time-interval\" style=\"color:#0a0202\"> \/ Jahr<\/span><\/div><\/div><div class=\"block-desc\" ><ul class=\"options-list\"><li class=\"option\"><span class=\"option-icon \"><i class=\"fa fa-adjust\"><\/i><\/span><div class=\"pricing-feature-description\" style=\"\">Im ersten Jahr 50% Rabatt<\/div><\/li><li class=\"option\"><span class=\"option-icon \"><i class=\"fa fa-adjust\"><\/i><\/span><div class=\"pricing-feature-description\" style=\"\">K\u00fcndigungsfrist: Drei Monate zum Jahresende<\/div><\/li><li class=\"option\"><span class=\"option-icon \"><i class=\"fa fa-adjust\"><\/i><\/span><div class=\"pricing-feature-description\" style=\"\">Der Ehepartner ist bei der Mitgliedschaft inkl.<\/div><\/li><\/ul><a class=\"pricing-button button\" href=\"http:\/\/tcbw-delmenhorst.de\/\/wp-content\/uploads\/2018\/03\/Formular_Aufnahmeantrag.pdf\" title=\"Jetzt Mitgliedsantrag herunterladen\" target=\"_blank\">Mitgliedsantrag herunterladen<\/a><\/div><\/div><script type=\"text\/javascript\">\r\n\t\t\t\t\t(function($) {\r\n\t\t\t\t\t\t$(\"head\").append(\"<style>#dfd-pricing-block-69e03f9266738-1388.dfd-pricing-block {border-style: solid; border-width: 1px; border-color: #0c0c0c;}#dfd-pricing-block-69e03f9266738-1388 .pricing-button.button {border-style: none;}<\/style>\");\r\n\t\t\t\t\t})(jQuery);\r\n\t\t\t\t<\/script><div class=\"dfd-spacer-module\"  data-units=\"px\" data-wide_resolution=\"1280\" data-wide_size=\"50\" data-normal_resolution=\"1024\" data-normal_size=\"50\" data-tablet_resolution=\"800\" data-tablet_size=\"50\" data-mobile_resolution=\"480\" data-mobile_size=\"50\" style=\"height: 50px;\"><\/div>[\/vc_column][\/vc_row][vc_row force_equal_height_columns=&#8220;main_row&#8220; align_content_vertically=&#8220;&#8220;][vc_column width=&#8220;1\/3&#8243;]<div id=\"dfd-pricing-block-69e03f926681f-202\" class=\"dfd-pricing-block style-01  no-description \" solid ><div class=\"block-head  \" ><div class=\"icon-wrap\"><i class=\"featured-icon dfd-icon-group_1\" style=\"color:#24b4ff; opacity:1;\" ><\/i><\/div><div class=\"feature-title\" style=\"\">Ehepaare mit Kindern<\/div><div class=\"subtitle\" style=\"\">Das alles gibt's schon f\u00fcr...<\/div><div class=\"price-wrap\"><span class=\"currency-symbol\" style=\"color:#0a0202\">\u20ac<\/span><span class=\"payment-amount\" style=\"color:#0a0202\">360<\/span><span class=\"time-interval\" style=\"color:#0a0202\"> \/ Jahr<\/span><\/div><\/div><div class=\"block-desc\" ><ul class=\"options-list\"><li class=\"option\"><span class=\"option-icon \"><i class=\"fa fa-adjust\"><\/i><\/span><div class=\"pricing-feature-description\" style=\"\">Im ersten Jahr 50% Rabatt<\/div><\/li><li class=\"option\"><span class=\"option-icon \"><i class=\"fa fa-adjust\"><\/i><\/span><div class=\"pricing-feature-description\" style=\"\">K\u00fcndigungsfrist: Drei Monate zum Jahresende<\/div><\/li><li class=\"option\"><span class=\"option-icon \"><i class=\"fa fa-adjust\"><\/i><\/span><div class=\"pricing-feature-description\" style=\"\">Ehepartner und Kinder inkl.<\/div><\/li><\/ul><a class=\"pricing-button button\" href=\"http:\/\/tcbw-delmenhorst.de\/\/wp-content\/uploads\/2018\/03\/Formular_Aufnahmeantrag.pdf\" title=\"Jetzt Mitgliedsantrag herunterladen\" target=\"_blank\">Mitgliedsantrag herunterladen<\/a><\/div><\/div><script type=\"text\/javascript\">\r\n\t\t\t\t\t(function($) {\r\n\t\t\t\t\t\t$(\"head\").append(\"<style>#dfd-pricing-block-69e03f926681f-202.dfd-pricing-block {border-style: solid; border-width: 1px; border-color: #0c0c0c;}#dfd-pricing-block-69e03f926681f-202 .pricing-button.button {border-style: none;}<\/style>\");\r\n\t\t\t\t\t})(jQuery);\r\n\t\t\t\t<\/script><div class=\"dfd-spacer-module\"  data-units=\"px\" data-wide_resolution=\"1280\" data-wide_size=\"50\" data-normal_resolution=\"1024\" data-normal_size=\"50\" data-tablet_resolution=\"800\" data-tablet_size=\"50\" data-mobile_resolution=\"480\" data-mobile_size=\"50\" style=\"height: 50px;\"><\/div>[\/vc_column][vc_column width=&#8220;1\/3&#8243;]<div id=\"dfd-pricing-block-69e03f926690c-3620\" class=\"dfd-pricing-block style-01  no-description \" solid ><div class=\"block-head  \" ><div class=\"icon-wrap\"><i class=\"featured-icon dfd-icon-kid_happy_2\" style=\"color:#24b4ff; opacity:1;\" ><\/i><\/div><div class=\"feature-title\" style=\"\">Kinder und Sch\u00fcler bis 18<\/div><div class=\"subtitle\" style=\"\">Das alles gibt's schon f\u00fcr...<\/div><div class=\"price-wrap\"><span class=\"currency-symbol\" style=\"color:#0a0202\">\u20ac<\/span><span class=\"payment-amount\" style=\"color:#0a0202\">60<\/span><span class=\"time-interval\" style=\"color:#0a0202\"> \/ Jahr<\/span><\/div><\/div><div class=\"block-desc\" ><ul class=\"options-list\"><li class=\"option\"><span class=\"option-icon \"><i class=\"fa fa-adjust\"><\/i><\/span><div class=\"pricing-feature-description\" style=\"\">K\u00fcndigungsfrist: Drei Monate zum Jahresende<\/div><\/li><li class=\"option\"><span class=\"option-icon \"><i class=\"fa fa-adjust\"><\/i><\/span><div class=\"pricing-feature-description\" style=\"\">Kinder ohne Zusatzkosten inkl.<\/div><\/li><\/ul><a class=\"pricing-button button\" href=\"http:\/\/tcbw-delmenhorst.de\/\/wp-content\/uploads\/2018\/03\/Formular_Aufnahmeantrag.pdf\" title=\"Jetzt Mitgliedsantrag herunterladen\" target=\"_blank\">Mitgliedsantrag herunterladen<\/a><\/div><\/div><script type=\"text\/javascript\">\r\n\t\t\t\t\t(function($) {\r\n\t\t\t\t\t\t$(\"head\").append(\"<style>#dfd-pricing-block-69e03f926690c-3620.dfd-pricing-block {border-style: solid; border-width: 1px; border-color: #0c0c0c;}#dfd-pricing-block-69e03f926690c-3620 .pricing-button.button {border-style: none;}<\/style>\");\r\n\t\t\t\t\t})(jQuery);\r\n\t\t\t\t<\/script><div class=\"dfd-spacer-module\"  data-units=\"px\" data-wide_resolution=\"1280\" data-wide_size=\"50\" data-normal_resolution=\"1024\" data-normal_size=\"50\" data-tablet_resolution=\"800\" data-tablet_size=\"50\" data-mobile_resolution=\"480\" data-mobile_size=\"50\" style=\"height: 50px;\"><\/div>[\/vc_column][vc_column width=&#8220;1\/3&#8243;]<div id=\"dfd-pricing-block-69e03f92669f0-6720\" class=\"dfd-pricing-block style-01  no-description \" solid ><div class=\"block-head  \" ><div class=\"icon-wrap\"><i class=\"featured-icon dfd-icon-student\" style=\"color:#24b4ff; opacity:1;\" ><\/i><\/div><div class=\"feature-title\" style=\"\">Studententarif<\/div><div class=\"subtitle\" style=\"\">Das alles gibt's schon f\u00fcr...<\/div><div class=\"price-wrap\"><span class=\"currency-symbol\" style=\"color:#0a0202\">\u20ac<\/span><span class=\"payment-amount\" style=\"color:#0a0202\">115<\/span><span class=\"time-interval\" style=\"color:#0a0202\"> \/ Jahr<\/span><\/div><\/div><div class=\"block-desc\" ><ul class=\"options-list\"><li class=\"option\"><span class=\"option-icon \"><i class=\"fa fa-adjust\"><\/i><\/span><div class=\"pricing-feature-description\" style=\"\">Im ersten Jahr 50% Rabatt<\/div><\/li><li class=\"option\"><span class=\"option-icon \"><i class=\"fa fa-adjust\"><\/i><\/span><div class=\"pricing-feature-description\" style=\"\">K\u00fcndigungsfrist: Drei Monate zum Jahresende<\/div><\/li><li class=\"option\"><span class=\"option-icon \"><i class=\"fa fa-adjust\"><\/i><\/span><div class=\"pricing-feature-description\" style=\"\">F\u00fcr Studenten, Azubis & Sch\u00fcler ab 18 Jahren<\/div><\/li><\/ul><a class=\"pricing-button button\" href=\"http:\/\/tcbw-delmenhorst.de\/\/wp-content\/uploads\/2018\/03\/Formular_Aufnahmeantrag.pdf\" title=\"Jetzt Mitgliedsantrag herunterladen\" target=\"_blank\">Mitgliedsantrag herunterladen<\/a><\/div><\/div><script type=\"text\/javascript\">\r\n\t\t\t\t\t(function($) {\r\n\t\t\t\t\t\t$(\"head\").append(\"<style>#dfd-pricing-block-69e03f92669f0-6720.dfd-pricing-block {border-style: solid; border-width: 1px; border-color: #0c0c0c;}#dfd-pricing-block-69e03f92669f0-6720 .pricing-button.button {border-style: none;}<\/style>\");\r\n\t\t\t\t\t})(jQuery);\r\n\t\t\t\t<\/script><div class=\"dfd-spacer-module\"  data-units=\"px\" data-wide_resolution=\"1280\" data-wide_size=\"50\" data-normal_resolution=\"1024\" data-normal_size=\"50\" data-tablet_resolution=\"800\" data-tablet_size=\"50\" data-mobile_resolution=\"480\" data-mobile_size=\"50\" style=\"height: 50px;\"><\/div>[\/vc_column][\/vc_row][vc_row][vc_column width=&#8220;1\/3&#8243;][\/vc_column][vc_column width=&#8220;1\/3&#8243;]<div id=\"dfd-pricing-block-69e03f9266ad5-1752\" class=\"dfd-pricing-block style-01  no-description \" solid ><div class=\"block-head  \" ><div class=\"icon-wrap\"><i class=\"featured-icon dfd-icon-heart2\" style=\"color:#24b4ff; opacity:1;\" ><\/i><\/div><div class=\"feature-title\" style=\"\">Passive Mitglieder<\/div><div class=\"subtitle\" style=\"\">Das alles gibt's schon f\u00fcr...<\/div><div class=\"price-wrap\"><span class=\"currency-symbol\" style=\"color:#0a0202\">\u20ac<\/span><span class=\"payment-amount\" style=\"color:#0a0202\">40<\/span><span class=\"time-interval\" style=\"color:#0a0202\"> \/ Jahr<\/span><\/div><\/div><div class=\"block-desc\" ><ul class=\"options-list\"><li class=\"option\"><span class=\"option-icon \"><i class=\"fa fa-adjust\"><\/i><\/span><div class=\"pricing-feature-description\" style=\"\">K\u00fcndigungsfrist: Drei Monate zum Jahresende<\/div><\/li><li class=\"option\"><div class=\"pricing-feature-description\" style=\"\">So kannst du den Verein unterst\u00fctzen, auch wenn du nicht aktiv spielen kannst oder m\u00f6chtest.<\/div><\/li><\/ul><a class=\"pricing-button button\" href=\"http:\/\/tcbw-delmenhorst.de\/\/wp-content\/uploads\/2018\/03\/Formular_Aufnahmeantrag.pdf\" title=\"Jetzt Mitgliedsantrag herunterladen\" target=\"_blank\">Mitgliedsantrag herunterladen<\/a><\/div><\/div><script type=\"text\/javascript\">\r\n\t\t\t\t\t(function($) {\r\n\t\t\t\t\t\t$(\"head\").append(\"<style>#dfd-pricing-block-69e03f9266ad5-1752.dfd-pricing-block {border-style: solid; border-width: 1px; border-color: #0c0c0c;}#dfd-pricing-block-69e03f9266ad5-1752 .pricing-button.button {border-style: none;}<\/style>\");\r\n\t\t\t\t\t})(jQuery);\r\n\t\t\t\t<\/script><div class=\"dfd-spacer-module\"  data-units=\"px\" data-wide_resolution=\"1280\" data-wide_size=\"50\" data-normal_resolution=\"1024\" data-normal_size=\"50\" data-tablet_resolution=\"800\" data-tablet_size=\"50\" data-mobile_resolution=\"480\" data-mobile_size=\"50\" style=\"height: 50px;\"><\/div>[\/vc_column][vc_column width=&#8220;1\/3&#8243;][\/vc_column][\/vc_row][vc_row][vc_column][vc_column_text]<\/p>\n<p style=\"text-align: center;\"><em>(Alle Preisangaben inkl. MwSt.)<\/em><\/p>\n<p>[\/vc_column_text][\/vc_column][\/vc_row]<\/p>\n<\/div>","protected":false},"excerpt":{"rendered":"<p>[vc_row][vc_column][vc_column_text]Mitglied im TCBW zu sein &#8211; das hei\u00dft nicht nur, dass man eine Freizeitbesch\u00e4ftigung hat. Man hat quasi eine zweite Familie! Und auch f\u00fcr den Fall, dass du den Verein<\/p>\n","protected":false},"author":1,"featured_media":0,"parent":0,"menu_order":0,"comment_status":"closed","ping_status":"closed","template":"","meta":{"_acf_changed":false,"footnotes":""},"class_list":["post-312","page","type-page","status-publish","hentry"],"acf":[],"_links":{"self":[{"href":"https:\/\/tcbw-delmenhorst.de\/index.php\/wp-json\/wp\/v2\/pages\/312","targetHints":{"allow":["GET"]}}],"collection":[{"href":"https:\/\/tcbw-delmenhorst.de\/index.php\/wp-json\/wp\/v2\/pages"}],"about":[{"href":"https:\/\/tcbw-delmenhorst.de\/index.php\/wp-json\/wp\/v2\/types\/page"}],"author":[{"embeddable":true,"href":"https:\/\/tcbw-delmenhorst.de\/index.php\/wp-json\/wp\/v2\/users\/1"}],"replies":[{"embeddable":true,"href":"https:\/\/tcbw-delmenhorst.de\/index.php\/wp-json\/wp\/v2\/comments?post=312"}],"version-history":[{"count":35,"href":"https:\/\/tcbw-delmenhorst.de\/index.php\/wp-json\/wp\/v2\/pages\/312\/revisions"}],"predecessor-version":[{"id":2244,"href":"https:\/\/tcbw-delmenhorst.de\/index.php\/wp-json\/wp\/v2\/pages\/312\/revisions\/2244"}],"wp:attachment":[{"href":"https:\/\/tcbw-delmenhorst.de\/index.php\/wp-json\/wp\/v2\/media?parent=312"}],"curies":[{"name":"wp","href":"https:\/\/api.w.org\/{rel}","templated":true}]}}