{"id":314,"date":"2018-03-20T22:17:27","date_gmt":"2018-03-20T21:17:27","guid":{"rendered":"http:\/\/tcbw-delmenhorst.de\/\/?page_id=314"},"modified":"2021-10-13T18:30:15","modified_gmt":"2021-10-13T16:30:15","slug":"kontakt","status":"publish","type":"page","link":"https:\/\/tcbw-delmenhorst.de\/index.php\/kontakt\/","title":{"rendered":"Kontakt"},"content":{"rendered":"<div class=\"wpb-content-wrapper\"><p>[vc_row][vc_column]<div id=\"idinfobox69e0687a54789\" class=\"dfd-info-box clearfix style-01 layout-01  idinfobox69e0687a54789 text-center\" ><div class=\"dfd-animate-container\"><div class=\"icon-wrapper\"><div class=\"module-icon\" ><div class=\"hover-layer\" ><\/div><i class=\"featured-icon dfd-icon-alarm_clock\" style=\"color:#24b4ff; opacity:1;\" ><\/i><\/div><\/div><div class=\"info-box-title feature-title\" style=\"\">Wir freuen uns, dass du dich f\u00fcr den TCBW interessierst!<\/div><div class=\"info-box-subtitle subtitle\" style=\"\">Am schnellsten kannst du uns vor Ort erreichen:<\/div><div class=\"wrap-delimiter\"><div class=\"delimiter\" ><\/div><\/div><div class=\"description\" style=\"\">Das Vereinsb\u00fcro ist Dienstags von 10:00 &#8211; 12:00 Uhr und Donnerstags von 15:30 &#8211; 17:30 Uhr besetzt.<\/div><\/div><\/div><div class=\"dfd-spacer-module\"  data-units=\"px\" data-wide_resolution=\"1280\" data-wide_size=\"40\" data-normal_resolution=\"1024\" data-normal_size=\"40\" data-tablet_resolution=\"800\" data-tablet_size=\"40\" data-mobile_resolution=\"480\" data-mobile_size=\"40\" style=\"height: 40px;\"><\/div>[\/vc_column][\/vc_row][vc_row][vc_column width=&#8220;1\/2&#8243;]<div class=\"dfd-contact-block-container style-1   \"  style=\"\"><div class=\"dfd-contact-block-module\" >\r\n\t\t\t\t\t\t\t<div class=\"fild-content\">\r\n\t\t\t\t\t\t\t\t<i class=\"dfd-icon-navigation\" style=\"width: 40px; height: 40px; \"><span class=\"delimiter\" style=\"left: 40px ;\"><\/span><\/i>\r\n\t\t\t\t\t\t\t\t<div class=\"fild-name\" style=\"height: 20px; \">address:<\/div>\r\n\t\t\t\t\t\t\t\t<p class=\"address\">Lethestrasse 17, 27755 Delmenhorst<\/p>\r\n\t\t\t\t\t\t\t<\/div>\r\n\t\t\t\t\t\t\t<div class=\"fild-content\">\r\n\t\t\t\t\t\t\t\t<i class=\"dfd-icon-tablet2\" style=\"width: 40px; height: 40px; \"><span class=\"delimiter\" style=\"left: 40px ;\"><\/span><\/i>\r\n\t\t\t\t\t\t\t\t<div class=\"fild-name\" style=\"height: 20px; \">phone:<\/div>\r\n\t\t\t\t\t\t\t\t<p class=\"phone\">04221 916 34 15<\/p>\r\n\t\t\t\t\t\t\t<\/div>\r\n\t\t\t\t\t\t\t<div class=\"fild-content\">\r\n\t\t\t\t\t\t\t\t<i class=\"dfd-icon-email_1\" style=\"width: 40px; height: 40px; \"><span class=\"delimiter\" style=\"left: 40px ;\"><\/span><\/i>\r\n\t\t\t\t\t\t\t\t<div class=\"fild-name\" style=\"height: 20px; \">email:<\/div>\r\n\t\t\t\t\t\t\t\t<p class=\"email\"><a href=\"mailto:vereinsbuero@tcbw-delmenhorst.de\">vereinsbuero@tcbw-delmenhorst.de<\/a><\/p>\r\n\t\t\t\t\t\t\t<\/div>\r\n\t\t\t\t\t\t\t<div class=\"fild-content\">\r\n\t\t\t\t\t\t\t\t<i class=\"dfd-icon-earth\" style=\"width: 40px; height: 40px; \"><span class=\"delimiter\" style=\"left: 40px ;\"><\/span><\/i>\r\n\t\t\t\t\t\t\t\t<div class=\"fild-name\" style=\"height: 20px; \">website:<\/div>\r\n\t\t\t\t\t\t\t\t<p class=\"website\"><a href=\"http:\/\/tcbw-delmenhorst.de\/\" target=\"_blank\">http:\/\/tcbw-delmenhorst.de\/<\/a><\/p>\r\n\t\t\t\t\t\t\t<\/div><\/div><\/div>[\/vc_column][vc_column width=&#8220;1\/2&#8243;]\n<div class=\"wpcf7 no-js\" id=\"wpcf7-f2499-o1\" lang=\"de-DE\" dir=\"ltr\" data-wpcf7-id=\"2499\">\n<div class=\"screen-reader-response\"><p role=\"status\" aria-live=\"polite\" aria-atomic=\"true\"><\/p> <ul><\/ul><\/div>\n<form action=\"\/index.php\/wp-json\/wp\/v2\/pages\/314#wpcf7-f2499-o1\" method=\"post\" class=\"wpcf7-form init\" aria-label=\"Kontaktformular\" novalidate=\"novalidate\" data-status=\"init\">\n<fieldset class=\"hidden-fields-container\"><input type=\"hidden\" name=\"_wpcf7\" value=\"2499\" \/><input type=\"hidden\" name=\"_wpcf7_version\" value=\"6.1.5\" \/><input type=\"hidden\" name=\"_wpcf7_locale\" value=\"de_DE\" \/><input type=\"hidden\" name=\"_wpcf7_unit_tag\" value=\"wpcf7-f2499-o1\" \/><input type=\"hidden\" name=\"_wpcf7_container_post\" value=\"0\" \/><input type=\"hidden\" name=\"_wpcf7_posted_data_hash\" value=\"\" \/>\n<\/fieldset>\n<p><span class=\"wpcf7-form-control-wrap\" data-name=\"your-name\"><input size=\"40\" maxlength=\"400\" class=\"wpcf7-form-control wpcf7-text wpcf7-validates-as-required\" aria-required=\"true\" aria-invalid=\"false\" placeholder=\"Dein Name\" value=\"\" type=\"text\" name=\"your-name\" \/><\/span>\n<\/p>\n<p><span class=\"wpcf7-form-control-wrap\" data-name=\"your-email\"><input size=\"40\" maxlength=\"400\" class=\"wpcf7-form-control wpcf7-email wpcf7-validates-as-required wpcf7-text wpcf7-validates-as-email\" aria-required=\"true\" aria-invalid=\"false\" placeholder=\"Deine E-Mail-Adresse\" value=\"\" type=\"email\" name=\"your-email\" \/><\/span>\n<\/p>\n<p><span class=\"wpcf7-form-control-wrap\" data-name=\"your-message\"><textarea cols=\"40\" rows=\"10\" maxlength=\"2000\" class=\"wpcf7-form-control wpcf7-textarea wpcf7-validates-as-required\" aria-required=\"true\" aria-invalid=\"false\" placeholder=\"Deine Nachricht\" name=\"your-message\"><\/textarea><\/span>\n<\/p>\n<p><span id=\"wpcf7-69e0687a5647b-wrapper\" class=\"wpcf7-form-control-wrap phone-wrap\" ><input type=\"hidden\" name=\"phone-time-start\" value=\"1776314490\"><input type=\"hidden\" name=\"phone-time-check\" value=\"4\"><label for=\"wpcf7-69e0687a5647b-field\" class=\"hp-message\">Bitte lasse dieses Feld leer.<\/label><input id=\"wpcf7-69e0687a5647b-field\"  placeholder=\"Telefonnummer\"  class=\"wpcf7-form-control wpcf7-text\" type=\"text\" name=\"phone\" value=\"\" size=\"40\" tabindex=\"-1\" autocomplete=\"off\" \/><\/span>\n<\/p>\n<p><span class=\"wpcf7-form-control-wrap\" data-name=\"acceptance-894\"><span class=\"wpcf7-form-control wpcf7-acceptance\"><span class=\"wpcf7-list-item\"><label><input type=\"checkbox\" name=\"acceptance-894\" value=\"1\" aria-invalid=\"false\" \/><span class=\"wpcf7-list-item-label\">Hiermit stimme ich zu, dass meine Daten zur Kontaktaufnahme erhoben und verarbeitet werden d\u00fcrfen und mir ist bewusst, dass diese hierzu gespeichert werden m\u00fcssen, solange bis der Zweck, das Vertragsverh\u00e4ltnis oder eine gesetzliche Aufbewahrungspflicht erf\u00fcllt sind bzw. ich meine Einwilligung widerrufen habe. Dies ist jederzeit f\u00fcr die Zukunft per E-Mail an vereinsbuero@tcbw-delmenhorst.de m\u00f6glich. Detaillierte Informationen findest du in unserer Datenschutzerkl\u00e4rung.<\/span><\/label><\/span><\/span><\/span>\n<\/p>\n<p><input class=\"wpcf7-form-control wpcf7-submit has-spinner contactbutton\" type=\"submit\" value=\"Nachricht abschicken\" \/>\n<\/p><div class=\"wpcf7-response-output\" aria-hidden=\"true\"><\/div>\n<\/form>\n<\/div>\n[\/vc_column][\/vc_row]<\/p>\n<\/div>","protected":false},"excerpt":{"rendered":"<p>[vc_row][vc_column][\/vc_column][\/vc_row][vc_row][vc_column width=&#8220;1\/2&#8243;][\/vc_column][vc_column width=&#8220;1\/2&#8243;][\/vc_column][\/vc_row]<\/p>\n","protected":false},"author":1,"featured_media":0,"parent":0,"menu_order":0,"comment_status":"closed","ping_status":"closed","template":"","meta":{"_acf_changed":false,"footnotes":""},"class_list":["post-314","page","type-page","status-publish","hentry"],"acf":[],"_links":{"self":[{"href":"https:\/\/tcbw-delmenhorst.de\/index.php\/wp-json\/wp\/v2\/pages\/314","targetHints":{"allow":["GET"]}}],"collection":[{"href":"https:\/\/tcbw-delmenhorst.de\/index.php\/wp-json\/wp\/v2\/pages"}],"about":[{"href":"https:\/\/tcbw-delmenhorst.de\/index.php\/wp-json\/wp\/v2\/types\/page"}],"author":[{"embeddable":true,"href":"https:\/\/tcbw-delmenhorst.de\/index.php\/wp-json\/wp\/v2\/users\/1"}],"replies":[{"embeddable":true,"href":"https:\/\/tcbw-delmenhorst.de\/index.php\/wp-json\/wp\/v2\/comments?post=314"}],"version-history":[{"count":27,"href":"https:\/\/tcbw-delmenhorst.de\/index.php\/wp-json\/wp\/v2\/pages\/314\/revisions"}],"predecessor-version":[{"id":2511,"href":"https:\/\/tcbw-delmenhorst.de\/index.php\/wp-json\/wp\/v2\/pages\/314\/revisions\/2511"}],"wp:attachment":[{"href":"https:\/\/tcbw-delmenhorst.de\/index.php\/wp-json\/wp\/v2\/media?parent=314"}],"curies":[{"name":"wp","href":"https:\/\/api.w.org\/{rel}","templated":true}]}}