{"id":318,"date":"2018-03-20T22:17:25","date_gmt":"2018-03-20T21:17:25","guid":{"rendered":"http:\/\/tcbw-delmenhorst.de\/\/?page_id=318"},"modified":"2021-08-03T13:31:36","modified_gmt":"2021-08-03T11:31:36","slug":"impressum","status":"publish","type":"page","link":"https:\/\/tcbw-delmenhorst.de\/index.php\/impressum\/","title":{"rendered":"Impressum"},"content":{"rendered":"<div class=\"wpb-content-wrapper\"><p>[vc_row][vc_column]<div class=\"dfd-heading-shortcode\"><div class=\"dfd-heading-module-wrap  text-left style_02 dfd-heading-69e05663bba5a dfd-disable-resposive-headings\" id=\"dfd-heading-69e05663bba5a\" ><div class=\"inline-block\"><div class=\"dfd-heading-module\"><h5 class=\"widget-title dfd-title \" style=\"\">Verantwortlich f\u00fcr diese Webseite ist:<\/h5><div class=\"dfd-heading-delimiter dfd-img-lazy-load\"><\/div><\/div><\/div><\/div><script type=\"text\/javascript\">\r\n\t\t\t\t\t\t\t\t\t(function($) {\r\n\t\t\t\t\t\t\t\t\t\t$(\"head\").append(\"<style>.dfd-heading-69e05663bba5a.dfd-heading-module-wrap .dfd-heading-module .dfd-heading-delimiter {border-bottom-style:solid;border-bottom-width:1px;width:100px;border-bottom-color:#dddddd;}.dfd-heading-69e05663bba5a.dfd-heading-module-wrap .dfd-heading-module .dfd-heading-delimiter {margin-top:10px;margin-bottom:10px;}<\/style>\");\r\n\t\t\t\t\t\t\t\t\t})(jQuery);\r\n\t\t\t\t\t\t\t\t<\/script><\/div>[vc_column_text]TC Blau-Weiss Delmenhorst e. V.<br \/>\nLethestrasse 17<br \/>\n27755 Delmenhorst<\/p>\n<p>Telefon: 04221 916 34 15<br \/>\nE-Mail: <a href=\"mailto:vereinsbuero@tcbw-delmenhorst.de\">vereinsbuero@tcbw-delmenhorst.de<\/a><\/p>\n<p><strong>Vertreten durch den Vorstand:<\/strong><\/p>\n<p>Jens Werner (Pressewart\/Internetbeauftragter)<\/p>\n<p>&nbsp;<\/p>\n<p><strong>Eintrag im Vereinsregister:<\/strong><\/p>\n<p>Amtsgericht Oldenburg<br \/>\nRegisterblatt VR 140424<\/p>\n<p><span class=\"gmail-im\">Gem. \u00a7 36 VSBG sind wir verpflichtet, Sie darauf hinzuweisen, ob wir bereit oder verpflichtet sind, an Streitbeilegungsverfahren vor einer Verbraucherschlichtungsstelle teilzunehmen.<\/span><\/p>\n<p>Die Liste der Streitbeilegungsstellen finden Sie <a href=\"https:\/\/ec.europa.eu\/consumers\/odr\/main\/?event=main.adr.show2\" target=\"_blank\" rel=\"noopener noreferrer\">hier<\/a>.\u00a0<span class=\"gmail-im\">Wir nehmen nicht an Streitbeilegungsverfahren vor einer Verbraucherschlichtungsstelle teil.<\/span><\/p>\n<p>&nbsp;<\/p>\n<p><strong>Webentwicklung:<\/strong><\/p>\n<p>Diese Webseite ist ein Projekt mit dem m\u00fcllereffekt: <a href=\"https:\/\/www.muellereffekt.de\" target=\"_blank\" rel=\"noopener\">Webentwicklung aus Bremen.<\/a><\/p>\n<p><a href=\"https:\/\/www.muellereffekt.de\" target=\"_blank\" rel=\"noopener\"><img loading=\"lazy\" decoding=\"async\" class=\"alignnone wp-image-2374 size-full\" title=\"Webentwicklung aus Bremen: m\u00fcllereffekt\" src=\"https:\/\/tcbw-delmenhorst.de\/wp-content\/uploads\/2021\/08\/Muellereffekt-Oneline-Tiny.png\" alt=\"Webentwicklung und Filmproduktion aus Bremen: m\u00fcllereffekt\" width=\"160\" height=\"19\" srcset=\"https:\/\/tcbw-delmenhorst.de\/wp-content\/uploads\/2021\/08\/Muellereffekt-Oneline-Tiny.png 160w, https:\/\/tcbw-delmenhorst.de\/wp-content\/uploads\/2021\/08\/Muellereffekt-Oneline-Tiny-150x19.png 150w\" sizes=\"auto, (max-width: 160px) 100vw, 160px\" \/><\/a>[\/vc_column_text]<div class=\"dfd-spacer-module\"  data-units=\"px\" data-wide_resolution=\"1280\" data-wide_size=\"50\" data-normal_resolution=\"1024\" data-normal_size=\"50\" data-tablet_resolution=\"800\" data-tablet_size=\"50\" data-mobile_resolution=\"480\" data-mobile_size=\"50\" style=\"height: 50px;\"><\/div><div class=\"dfd-heading-shortcode\"><div class=\"dfd-heading-module-wrap  text-left style_02 dfd-heading-69e05663bbbda dfd-disable-resposive-headings\" id=\"dfd-heading-69e05663bbbda\" ><div class=\"inline-block\"><div class=\"dfd-heading-module\"><h5 class=\"widget-title dfd-title \" style=\"\">Haftungsausschluss<\/h5><div class=\"dfd-heading-delimiter dfd-img-lazy-load\"><\/div><\/div><\/div><\/div><script type=\"text\/javascript\">\r\n\t\t\t\t\t\t\t\t\t(function($) {\r\n\t\t\t\t\t\t\t\t\t\t$(\"head\").append(\"<style>.dfd-heading-69e05663bbbda.dfd-heading-module-wrap .dfd-heading-module .dfd-heading-delimiter {border-bottom-style:solid;border-bottom-width:1px;width:100px;border-bottom-color:#dddddd;}.dfd-heading-69e05663bbbda.dfd-heading-module-wrap .dfd-heading-module .dfd-heading-delimiter {margin-top:10px;margin-bottom:10px;}<\/style>\");\r\n\t\t\t\t\t\t\t\t\t})(jQuery);\r\n\t\t\t\t\t\t\t\t<\/script><\/div>[vc_column_text]<b>Haftung f\u00fcr Inhalte<\/b><br \/>\nAls Diensteanbieter sind wir gem\u00e4\u00df \u00a7 7 Abs.1 TMG f\u00fcr eigene Inhalte auf diesen Seiten nach den allgemeinen Gesetzen verantwortlich. Nach \u00a7\u00a7 8 bis 10 TMG sind wir als Diensteanbieter jedoch nicht verpflichtet, \u00fcbermittelte oder gespeicherte fremde Informationen zu \u00fcberwachen oder nach Umst\u00e4nden zu forschen, die auf eine rechtswidrige T\u00e4tigkeit hinweisen. Verpflichtungen zur Entfernung oder Sperrung der Nutzung von Informationen nach den allgemeinen Gesetzen bleiben hiervon unber\u00fchrt. Eine diesbez\u00fcgliche Haftung ist jedoch erst ab dem Zeitpunkt der Kenntnis einer konkreten Rechtsverletzung m\u00f6glich. Bei Bekanntwerden von entsprechenden Rechtsverletzungen werden wir diese Inhalte umgehend entfernen.<\/p>\n<p><b>Haftung f\u00fcr Links<\/b><br \/>\nUnser Angebot enth\u00e4lt Links zu externen Webseiten Dritter, auf deren Inhalte wir keinen Einfluss haben. Deshalb k\u00f6nnen wir f\u00fcr diese fremden Inhalte auch keine Gew\u00e4hr \u00fcbernehmen. F\u00fcr die Inhalte der verlinkten Seiten ist stets der jeweilige Anbieter oder Betreiber der Seiten verantwortlich. Die verlinkten Seiten wurden zum Zeitpunkt der Verlinkung auf m\u00f6gliche Rechtsverst\u00f6\u00dfe \u00fcberpr\u00fcft. Rechtswidrige Inhalte waren zum Zeitpunkt der Verlinkung nicht erkennbar. Eine permanente inhaltliche Kontrolle der verlinkten Seiten ist jedoch ohne konkrete Anhaltspunkte einer Rechtsverletzung nicht zumutbar. Bei Bekanntwerden von Rechtsverletzungen werden wir derartige Links umgehend entfernen.<\/p>\n<p><b>Urheberrecht<\/b><br \/>\nDie durch die Seitenbetreiber erstellten Inhalte und Werke auf diesen Seiten unterliegen dem deutschen Urheberrecht. Die Vervielf\u00e4ltigung, Bearbeitung, Verbreitung und jede Art der Verwertung au\u00dferhalb der Grenzen des Urheberrechtes bed\u00fcrfen der schriftlichen Zustimmung des jeweiligen Autors bzw. Erstellers. Downloads und Kopien dieser Seite sind nur f\u00fcr den privaten, nicht kommerziellen Gebrauch gestattet. Soweit die Inhalte auf dieser Seite nicht vom Betreiber erstellt wurden, werden die Urheberrechte Dritter beachtet. Insbesondere werden Inhalte Dritter als solche gekennzeichnet. Sollten Sie trotzdem auf eine Urheberrechtsverletzung aufmerksam werden, bitten wir um einen entsprechenden Hinweis. Bei Bekanntwerden von Rechtsverletzungen werden wir derartige Inhalte umgehend entfernen.<\/p>\n<p class=\"bodytext\">Quelle:\u00a0<i><a href=\"http:\/\/www.e-recht24.de\/\" target=\"_blank\" rel=\"noopener noreferrer\">http:\/\/www.e-recht24.de<\/a><\/i><\/p>\n<p>[\/vc_column_text][\/vc_column][\/vc_row]<\/p>\n<\/div>","protected":false},"excerpt":{"rendered":"<p>[vc_row][vc_column][vc_column_text]TC Blau-Weiss Delmenhorst e. V. Lethestrasse 17 27755 Delmenhorst Telefon: 04221 916 34 15 E-Mail: vereinsbuero@tcbw-delmenhorst.de Vertreten durch den Vorstand: Jens Werner (Pressewart\/Internetbeauftragter) &nbsp; Eintrag im Vereinsregister: Amtsgericht Oldenburg Registerblatt<\/p>\n","protected":false},"author":1,"featured_media":0,"parent":0,"menu_order":0,"comment_status":"closed","ping_status":"closed","template":"","meta":{"_acf_changed":false,"footnotes":""},"class_list":["post-318","page","type-page","status-publish","hentry"],"acf":[],"_links":{"self":[{"href":"https:\/\/tcbw-delmenhorst.de\/index.php\/wp-json\/wp\/v2\/pages\/318","targetHints":{"allow":["GET"]}}],"collection":[{"href":"https:\/\/tcbw-delmenhorst.de\/index.php\/wp-json\/wp\/v2\/pages"}],"about":[{"href":"https:\/\/tcbw-delmenhorst.de\/index.php\/wp-json\/wp\/v2\/types\/page"}],"author":[{"embeddable":true,"href":"https:\/\/tcbw-delmenhorst.de\/index.php\/wp-json\/wp\/v2\/users\/1"}],"replies":[{"embeddable":true,"href":"https:\/\/tcbw-delmenhorst.de\/index.php\/wp-json\/wp\/v2\/comments?post=318"}],"version-history":[{"count":30,"href":"https:\/\/tcbw-delmenhorst.de\/index.php\/wp-json\/wp\/v2\/pages\/318\/revisions"}],"predecessor-version":[{"id":2378,"href":"https:\/\/tcbw-delmenhorst.de\/index.php\/wp-json\/wp\/v2\/pages\/318\/revisions\/2378"}],"wp:attachment":[{"href":"https:\/\/tcbw-delmenhorst.de\/index.php\/wp-json\/wp\/v2\/media?parent=318"}],"curies":[{"name":"wp","href":"https:\/\/api.w.org\/{rel}","templated":true}]}}